{"id":6781,"date":"2020-11-10T13:49:19","date_gmt":"2020-11-10T12:49:19","guid":{"rendered":"https:\/\/gabrielasenn.com\/?page_id=6781"},"modified":"2026-01-30T01:00:38","modified_gmt":"2026-01-30T00:00:38","slug":"mindflow","status":"publish","type":"page","link":"https:\/\/gabrielasenn.com\/en\/mindflow\/","title":{"rendered":"Mindflow"},"content":{"rendered":"<a class=\"tcb-logo thrv_wrapper tcb-desktop-hidden\" data-css=\"tve-u-175b1ea4b3a\" href=\"\"><img decoding=\"async\" src=\"https:\/\/gabrielasenn.com\/wp-content\/uploads\/2020\/09\/gabriela-new-version-transparent-1.png\" alt=\"\"><\/img><\/a>\n<h1 style=\"text-align: center;\">Ausstrahlung, Inspiration, Selbstverantwortung<\/h1>\n<p style=\"text-align: center;\"><span>Release your<\/span><span>blockages!<\/span><\/p>\n<p style=\"text-align: center;\"><span>Das Mindflow-System ist \u00e4usserst effizient und effektiv darin, Stress, Schmerzen und Blockaden auf physischer, mentaler und emotionaler<\/span><\/p>\n<p style=\"text-align: center;\">level in the shortest time possible.<\/p>\n<p style=\"text-align: center;\">\n<p style=\"text-align: center;\">Du lernst, Angriffe aller Art und auf jeglichen Ebenen zu neutralisieren und die Energie dahinter f\u00fcr dich zu nutzen. Gerade in der heutigen Zeit ist dies \u00e4usserst n\u00fctzlich und wichtig.<\/p>\n<p style=\"text-align: center;\">\n<p style=\"text-align: center;\"><span>Die verwendeten Techniken sind Jahrtausende altund wurden nur als geheimes Wissen an&nbsp;<\/span><\/p>\n<p style=\"text-align: center;\"><span>to a chosen few.<\/span><\/p>\n<p style=\"text-align: center;\"><span><\/span><span>Today the time has come<\/span><\/p>\n<p style=\"text-align: center;\"><span>for all interested individuals to gain<\/span><\/p>\n<p style=\"text-align: center;\"><span>access to this precious knowledge.<\/span><\/p>\n<p style=\"text-align: center;\">Das Mindflow-System ist \u00e4usserst effizient und effektiv darin, Stress, Schmerzen und Blockaden auf physischer, mentaler und<\/p>\n<p style=\"text-align: center;\">emotional level in<\/p>\n<p style=\"text-align: center;\">the shortest time possible.<\/p>\n<p style=\"text-align: center;\">\n<p style=\"text-align: center;\">Du lernst, Angriffe aller Art und auf jeglichen Ebenen zu neutralisieren und die Energie dahinter f\u00fcr dich zu nutzen. Gerade in der heutigen Zeit ist dies \u00e4usserst n\u00fctzlich und wichtig.<\/p>\n<p style=\"text-align: center;\"><span>\u200b<\/span><\/p>\n<p style=\"text-align: center;\">The techniques used are thousands of years old and have been<\/p>\n<p style=\"text-align: center;\">secret knowledge until recently. It was only given to a chosen few.<\/p>\n<p style=\"text-align: center;\">\n<p style=\"text-align: center;\">Today the time has come<\/p>\n<p style=\"text-align: center;\">for all interested individuals to gain<\/p>\n<p style=\"text-align: center;\">access to this precious knowledge.<\/p>\n<p style=\"text-align: center;\">Das Mindflow-System ist \u00e4usserst effizient und effektiv darin,<\/p>\n<p style=\"text-align: center;\">Stress, Schmerzen und Blockaden auf physischer, mentaler und emotionaler Ebene in k\u00fcrzester Zeit aufzul\u00f6sen.<\/p>\n<p style=\"text-align: center;\">\n<p style=\"text-align: center;\">\u200bDu lernst, Angriffe aller Art und auf jeglichen Ebenen zu neutralisieren und die Energie dahinter f\u00fcr dich zu nutzen.<\/p>\n<p style=\"text-align: center; font-size: 22px !important;\">Gerade in der heutigen Zeit ist dies \u00e4usserst n\u00fctzlich und wichtig.<\/p>\n<p style=\"text-align: center;\">\n<p style=\"text-align: center;\">Die verwendeten Techniken sind Jahrtausende altund wurden nur als geheimes Wissen an auserw\u00e4hlte Menschen weitergegeben.<\/p>\n<p style=\"text-align: center;\">\n<p style=\"text-align: center;\">Heute ist die Zeit reif, dass alle interessierten Menschen den Zugang zu diesem wertvollenWissen erhalten k\u00f6nnen.<\/p>\n<p style=\"text-align: center;\"><a data-et-has-event-already=\"true\" href=\"#tve-jump-175b2717542\" style=\"outline: none;\"><span style=\"font-family: &quot;Nexa Light&quot;; font-size: 30px;\">MINDFLOW<\/span><span style=\"font-size: 30px;\"><\/span><span>Expert Session<\/span><\/a><\/p>\n<p style=\"text-align: center;\"><a data-et-has-event-already=\"true\" href=\"#tve-jump-175b1e11503\" style=\"outline: none;\"><span style=\"font-family: &quot;Nexa Light&quot;; font-size: 30px;\">MINDFLOW<\/span><span style=\"font-size: 30px;\"><\/span><span>Seminars<\/span><\/a><\/p>\n<p style=\"text-align: center;\"><a data-et-has-event-already=\"true\" href=\"#tve-jump-175b1e2080f\" style=\"outline: none;\"><span style=\"font-family: &quot;Nexa Light&quot;;\"><\/span><\/a><a data-et-has-event-already=\"true\" href=\"#tve-jump-17de913af1a\" style=\"outline: none;\"><span>MINDFLOW<\/span><\/a><span>Training Events<\/span><\/p>\n<p style=\"text-align: center;\"><a data-et-has-event-already=\"true\" href=\"#tve-jump-175b2731e06\" style=\"outline: none;\"><span>MINDFLOW<\/span><span><\/span><span>Expert Session<\/span><\/a><\/p>\n<p style=\"text-align: center;\"><span style=\"text-decoration: none; display: inline-block;\"><a data-et-has-event-already=\"true\" href=\"#tve-jump-175b1e11503\" style=\"outline: none;\"><span>MINDFLOW\u200b\u200b\u200b\u200b\u200b<\/span><span>Seminars<\/span><\/a><\/span><\/p>\n<p style=\"text-align: center;\"><a data-et-has-event-already=\"true\" href=\"#tve-jump-175b1e2080f\" style=\"outline: none;\"><span>MINDFLOW<\/span><span>Training Events<\/span><\/a><\/p>\n<h2 style=\"text-align: left;\"><a data-et-has-event-already=\"true\" href=\"#expertsitzung\" style=\"outline: none;\">Mindflow Expert Session<\/a><\/h2>\n<h2 style=\"text-align: left; line-height: 1.3em !important;\"><a data-et-has-event-already=\"true\" href=\"#expertsitzung\" style=\"outline: none;\">Mindflow&nbsp;<\/a><\/h2>\n<p>Expert Session<\/p>\n<p style=\"text-align: left;\">In an \"Expert Session\" we work in the quantum field, in the field of unlimited possibilities. In this space the unimaginable becomes possible.<\/p>\n<p style=\"text-align: left;\"><span>Physical, emotional and mental blockages are being dissolved without you needing to know the underlying issues. You and your body heal themselves in this space, I only give the impulse for this to happen. Your system knows exactly where to start first.<\/span><\/p>\n<p style=\"text-align: left;\"><span>As incredible as this might sound, a Mindflow session can help you in many different areas:<\/span><\/p>\n<ul>\n<li style=\"text-align: left;\"><span>Physical symptoms<\/span><\/li>\n<li style=\"text-align: left;\"><span>Professional challenges<\/span><\/li>\n<li style=\"text-align: left;\"><span>Relationship problems<\/span><\/li>\n<li style=\"text-align: left;\"><span>Difficult situations with children<\/span><\/li>\n<li style=\"text-align: left;\"><span>Pending decisions<\/span><\/li>\n<li style=\"text-align: left;\"><span>Mobbing<\/span><\/li>\n<li style=\"text-align: left;\"><span>Burnout<\/span><\/li>\n<li style=\"text-align: left;\"><span>Fears, phobias<\/span><\/li>\n<li style=\"text-align: left;\"><span>Lack of self-confidence<\/span><\/li>\n<\/ul>\n<ul>\n<li style=\"text-align: left;\"><span><\/span><\/li>\n<\/ul>\n<p><span style=\"width: 100%;\"><img loading=\"lazy\" decoding=\"async\" alt=\"\" width=\"1500\" height=\"1500\" title=\"3\" data-id=\"6707\" src=\"https:\/\/gabrielasenn.com\/wp-content\/uploads\/2020\/11\/3.png\" style=\"\" ml-d=\"0\" mt-d=\"0\"><\/span><\/p>\n<h2 id=\"tve-jump-175b2717542\"><a data-et-has-event-already=\"true\" href=\"#expertsitzung\" style=\"outline: none;\">Mindflow Expert Session<\/a><\/h2>\n<p>\u200b<\/p>\n<p>In an \"Expert Session\" we work in the quantum field, in the field of unlimited possibilities. In this space the unimaginable becomes possible.<\/p>\n<p>Physical, emotional and mental blockages are being dissolved without you needing to know the underlying issues. You and your body heal themselves in this space, I only give the impulse for this to happen. Your system knows exactly where to start first.<\/p>\n<p>As incredible as this might sound, a Mindflow session can help you in many different areas:<\/p>\n<ul>\n<li><span style=\"font-family: &quot;Nexa Light&quot;; font-size: 21px; color: rgb(0, 0, 0);\">Physical symptoms<\/span><\/li>\n<li><span style=\"color: rgb(0, 0, 0);\"><span style=\"font-size: 21px;\"><span style=\"font-family: 'Nexa Light';\">Professional challenges<\/span><\/span><\/span><\/li>\n<li><span style=\"color: rgb(0, 0, 0);\"><span style=\"font-size: 21px;\"><span style=\"font-family: 'Nexa Light';\">Relationship problems<\/span><\/span><\/span><\/li>\n<li><span style=\"color: rgb(0, 0, 0);\"><span style=\"font-size: 21px;\"><span style=\"font-family: 'Nexa Light';\">Difficult situations with children<\/span><\/span><\/span><\/li>\n<li><span style=\"color: rgb(0, 0, 0);\"><span style=\"font-size: 21px;\"><span style=\"font-family: 'Nexa Light';\">Pending decisions<\/span><\/span><\/span><\/li>\n<li><span style=\"color: rgb(0, 0, 0);\"><span style=\"font-size: 21px;\"><span style=\"font-family: 'Nexa Light';\">Mobbing<\/span><\/span><\/span><\/li>\n<li><span style=\"color: rgb(0, 0, 0);\"><span style=\"font-size: 21px;\"><span style=\"font-family: 'Nexa Light';\">Burnout<\/span><\/span><\/span><\/li>\n<li><span style=\"color: rgb(0, 0, 0);\"><span style=\"font-size: 21px;\"><span style=\"font-family: 'Nexa Light';\">Fears, phobias<\/span><\/span><\/span><\/li>\n<li><span style=\"font-family: &quot;Nexa Light&quot;; font-size: 21px;\"><span style=\"color: rgb(0, 0, 0);\">Lack of self-confidence<\/span><\/span><\/li>\n<\/ul>\n<h3 style=\"text-align: center;\">Testimonial<\/h3>\n<p><span><img decoding=\"async\" alt=\"\" data-id=\"6768\" width=\"150\" data-init-width=\"37\" height=\"150\" data-init-height=\"28\" title=\"Testimonial Symbol oben\" loading=\"lazy\" src=\"https:\/\/gabrielasenn.com\/wp-content\/uploads\/2020\/11\/Testimonial-Symbol-oben-1.png\" data-width=\"37\" data-height=\"28\" style=\"\"><\/span><\/p>\n<h4 style=\"letter-spacing: 0px;\">F\u00fcr mich grenzt es an ein Wunder und ist fast unglaublich, dass ich so schnell von etwas Gravierendem befreit werden konnte.&#8220;<\/h4>\n<h4>Nina Zyla-Auteried<\/h4>\n<h4>Salzburg, Austria<\/h4>\n<p><span style=\"font-size: 16px;\">&#8222;Ich litt an Panikattacken, die pl\u00f6tzlich durch ganz spezifische Situationen ausgel\u00f6st wurden. W\u00e4hrend dieser Attacken bekam ich jeweils kaum mehr Luft, ich hatte Schweissausbr\u00fcche, mein Herz raste, oder meine ganze Energie war pl\u00f6tzlich weg.<\/span> Wenn es ganz schlimm wurde, f\u00fchrte meine Attacke bis hin zur Todesangst.Gabrielas Mindflow-Behandlung dauerte vielleicht 5 Minuten. Es sind Wochen seither vergangen und die Panikattacken sind nie mehr aufgetreten, obwohl es einige Situationen gab, die fr\u00fcher mit Gewissheit eine ausgel\u00f6st h\u00e4tten. F\u00fcr mich grenzt es an ein Wunder und ist fast unglaublich, dass ich so schnell von etwas Gravierendem befreit werden konnte.&#8220;<\/p>\n<p><span><img decoding=\"async\" alt=\"\" data-id=\"6606\" width=\"150\" data-init-width=\"37\" height=\"150\" data-init-height=\"28\" title=\"Testimonial Symbol\" loading=\"lazy\" src=\"https:\/\/gabrielasenn.com\/wp-content\/uploads\/2020\/10\/Testimonial-Symbol-e1604320641139.png\" data-width=\"37\" data-height=\"28\"><\/span><\/p>\n<h2 style=\"text-align: center;\">Mindflow Seminars<\/h2>\n<p style=\"text-align: center;\"><span><span>Ganz im Flow sein und alles erreichen? <\/span><span><span>Und das aus einem Raum des Nicht-Tuns?<\/span><\/span><\/span><\/p>\n<p style=\"text-align: center;\"><span><span>\u200b<\/span><\/span><\/p>\n<p align=\"center\"><span><span>Die Zahl der Mindflow-Anwender w\u00e4chst exponentiell.<\/span> <span>F\u00fchrungskr\u00e4fte, Coaches, \u00c4rzte, Therapeuten, Lehrer, Schauspieler und die unterschiedlichsten Menschen sind begeistert \u00fcber die Wirkung und den Nutzen von Mindflow im t\u00e4glichen Leben.<\/span><\/span><\/p>\n<p align=\"center\"><span><span><\/span><\/span><\/p>\n<p align=\"center\"><span><span><span>Im Mindflow Basis-Seminar lernst du die grundlegenden Tools von Mindflow kennen.<span>&nbsp;<\/span><\/span><span>Aus dem G4 angewendet helfen dir diese Werkzeuge, Blockaden auf physischer, mentaler und emotionaler Ebene, sowie Stress und auch Schmerzen in k\u00fcrzester Zeit aufzul\u00f6sen. Das G4 ist ein erh\u00f6hter Bewusstseinszustand, den fr\u00fcher nur Zen-M\u00f6nche nach jahrelangem Meditieren erreichten und der dir hier er\u00f6ffnet wird.<\/span><\/span><\/span><\/p>\n<p align=\"center\"><span><\/span><\/p>\n<p align=\"center\"><span><span><span>Heute&nbsp;<\/span><span><span>wichtiger denn je, lernst du auch, wie du Angriffe jeglicher Art und auf jeglichen Ebenen sozusagen neutralisieren und in Energie f\u00fcr dich umwandeln kannst.<\/span><span> In praktischen \u00dcbungen kannst du die Wirkung der Tools direkt erfahren <span>und v<span>erinnerlichen<\/span><\/span><\/span><\/span><span><span>.<\/span><\/span><\/span><\/span><\/p>\n<p align=\"center\"><span><span><span><span>\u200b<\/span><\/span><\/span><\/span><span><span><span><\/span><\/span><\/span><\/p>\n<p align=\"center\"><span><span><span><span>I<span>n unserem Leben&nbsp;<\/span><\/span><span>dreht sic<\/span><\/span><span>h <span>alles um Energie. Alles richtet sich nach dem, der die h\u00f6chste Energie hat. <\/span><span>Im G4 hast du immer 100% Energie. Du lernst auch, wie du dich t\u00e4glich mit einfachsten Mitteln mit Energie aufladen kannst.<\/span><\/span><\/span><\/span><\/p>\n<p align=\"center\"><span><span><span><span>\u200b\u200b<\/span><\/span><\/span><\/span><span><span><span>\u200b<\/span><\/span><\/span><\/p>\n<p align=\"center\"><span>Im G4, einem Raum des \u00abNichts-Tuns\u00bb und der \u00abAnnahme von dem was ist\u00bb, kannst du deinen t\u00e4glichen Herausforderungen spielend begegnen und auch die schwierigsten Situationen meistern. Der Raum des \u00abNichts-Tuns\u00bb bedeutet nicht, dass du nichts tun musst, sondern dass du aus einem h\u00f6heren Bewusstseinszustand heraus handelst, indem du deinen Impulsen, die du aus diesem Raum empf\u00e4ngst, folgst.<\/span><\/p>\n<p style=\"text-align: center;\"><strong>Be prepared for a life-changing experience!<\/strong><\/p>\n<p style=\"text-align: center;\">&nbsp;<\/p>\n<p style=\"text-align: center; color: var(--tcb-tpl-color-11)  !important; --tcb-applied-color:var$(--tcb-tpl-color-11)  !important;\">The next dates:<\/p>\n<p style=\"text-align: center; color: var(--tcb-tpl-color-11)  !important; --tcb-applied-color:var$(--tcb-tpl-color-11)  !important;\"><span>auf Anfrage<\/span><\/p>\n<p style=\"text-align: center; color: var(--tcb-tpl-color-11)  !important; --tcb-applied-color:var$(--tcb-tpl-color-11)  !important;\"><span>\u200b<\/span><a href=\"https:\/\/gabrielasenn.com\/en\/mindflow-seminar\/\" style=\"outline: none;\" target=\"_blank\">Hier geht&#8217;s zur Anmeldung<\/a><\/p>\n<h3 style=\"text-align: center;\">Testimonials<\/h3>\n<p><span><img decoding=\"async\" alt=\"\" data-id=\"6768\" width=\"150\" data-init-width=\"37\" height=\"150\" data-init-height=\"28\" title=\"Testimonial Symbol oben\" loading=\"lazy\" src=\"https:\/\/gabrielasenn.com\/wp-content\/uploads\/2020\/11\/Testimonial-Symbol-oben-1.png\" data-width=\"37\" data-height=\"28\" style=\"\"><\/span><\/p>\n<h4>Es ist das beste Seminar ever, das ich gemacht habe.<\/h4>\n<h4>Petra filliger<\/h4>\n<h4>ennetmoos<\/h4>\n<p>\u201cDas Seminar bei Gabriela war genial. Die Mindflow Techniken sind auch f\u00fcr Kinder einfach zu lernen. Das Ergebnis war f\u00fcr mich sofort sp\u00fcrbar. Es ist das beste Seminar ever, das ich gemacht habe. Ideal f\u00fcr diese herausfordernde Zeit, um alle m\u00f6glichen Blockaden zu l\u00f6sen, gelassen zu bleiben und mehr Energie und Lebensfreude zu gewinnen. Was will man mehr.Lebensfreude und auch Frieden beginnen dort, wo Lebenskraft frei fliessen kann. Die Ver\u00e4nderung beginnt bei uns allen selbst.\u201d<\/p>\n<p><span><img decoding=\"async\" alt=\"\" data-id=\"6606\" width=\"150\" data-init-width=\"37\" height=\"150\" data-init-height=\"28\" title=\"Testimonial Symbol\" loading=\"lazy\" src=\"https:\/\/gabrielasenn.com\/wp-content\/uploads\/2020\/10\/Testimonial-Symbol-e1604320641139.png\" data-width=\"37\" data-height=\"28\"><\/span><span><img decoding=\"async\" alt=\"\" data-id=\"6768\" width=\"150\" data-init-width=\"37\" height=\"150\" data-init-height=\"28\" title=\"Testimonial Symbol oben\" loading=\"lazy\" src=\"https:\/\/gabrielasenn.com\/wp-content\/uploads\/2020\/11\/Testimonial-Symbol-oben-1.png\" data-width=\"37\" data-height=\"28\" style=\"\"><\/span><\/p>\n<h4>Es war cool, sogar sehr.<\/h4>\n<h4>marco burch, 10-j\u00e4hrig<\/h4>\n<h4>sachseln<\/h4>\n<p>\u201cEs war cool, sogar sehr! Ich nehme mit, dass ich wie innere Magie kennen gelernt habe, dass wir coole \u00dcbungen machten.G4 ist unendliche Energie.\u201d<\/p>\n<p><span><img decoding=\"async\" alt=\"\" data-id=\"6606\" width=\"150\" data-init-width=\"37\" height=\"150\" data-init-height=\"28\" title=\"Testimonial Symbol\" loading=\"lazy\" src=\"https:\/\/gabrielasenn.com\/wp-content\/uploads\/2020\/10\/Testimonial-Symbol-e1604320641139.png\" data-width=\"37\" data-height=\"28\"><\/span><span><img decoding=\"async\" alt=\"\" data-id=\"6768\" width=\"150\" data-init-width=\"37\" height=\"150\" data-init-height=\"28\" title=\"Testimonial Symbol oben\" loading=\"lazy\" src=\"https:\/\/gabrielasenn.com\/wp-content\/uploads\/2020\/11\/Testimonial-Symbol-oben-1.png\" data-width=\"37\" data-height=\"28\" style=\"\"><\/span><\/p>\n<h4>I'm overwhelmed by how well it works and how useful these techniques are.<\/h4>\n<h4>Esti Schnyder<\/h4>\n<h4>N\u00fcrensdorf, Switzerland<\/h4>\n<p>\u201cIch habe am Kurs Mindflow bei Gabriela teilgenommen. Ich bin \u00fcberw\u00e4ltigt wie das funktioniert und welchen Nutzen diese Technik bringt. Liebe Gabriela, man sp\u00fcrt deine Leidenschaft f\u00fcr das Thema und dein Wissen ist beeindruckend.Sehr gerne empfehle ich dich und deine Kurse weiter. Vielen Dank, du bist ein wunderbarer Mensch und ich bin dankbar, dass ich dich kennengelernt habe.\u201d<\/p>\n<p><span><img decoding=\"async\" alt=\"\" data-id=\"6606\" width=\"150\" data-init-width=\"37\" height=\"150\" data-init-height=\"28\" title=\"Testimonial Symbol\" loading=\"lazy\" src=\"https:\/\/gabrielasenn.com\/wp-content\/uploads\/2020\/10\/Testimonial-Symbol-e1604320641139.png\" data-width=\"37\" data-height=\"28\"><\/span><span><img decoding=\"async\" alt=\"\" data-id=\"6768\" width=\"150\" data-init-width=\"37\" height=\"150\" data-init-height=\"28\" title=\"Testimonial Symbol oben\" loading=\"lazy\" src=\"https:\/\/gabrielasenn.com\/wp-content\/uploads\/2020\/11\/Testimonial-Symbol-oben-1.png\" data-width=\"37\" data-height=\"28\" style=\"\"><\/span><\/p>\n<h4>Now I know why I continue working as a teacher for another year even though I could have retired for a long time.<\/h4>\n<h4>Theresa von Siebenthal<\/h4>\n<h4>Aeugst am Albis, Switzerland<\/h4>\n<p>Finally I was able to attend the Mindflow seminar and get rid of some issues.<\/p>\n<p>Bereits das Nachhausekommen war eine \u00dcberraschung. Mein Partner begr\u00fcsste mich auf eine sch\u00f6ne Art, was er sonst nicht macht (das war eines meiner Themen!). Am Montag startete ich \u201ebeflowt\u201c in die neue Schulwoche und erlebte noch vor Schulbeginn eine heilsame Begegnung mit einer Kollegin (war auch ein Thema). Am Dienstag wurde klar, dass ich die Verantwortung f\u00fcr ein Kind \u00fcbernehmen sollte, was ich auf keinen Fall wollte. Den ganzen Tag k\u00e4mpfte ich innerlich, dann machte ich eine Annahme und konnte loslassen. Am n\u00e4chsten Tag war klar: ich mache es. Und das Sch\u00f6ne daran ist: es belastet mich gar nicht, dass ich diese Verantwortung (auch noch) \u00fcbernehmen muss. Im G4 neben einem Kind zu sitzen, welches einen Test schreiben muss und normalerweise sehr M\u00fche hat, wirkt sich sensationell aus. Die Klassenlehrerin wunderte sich, weshalb er pl\u00f6tzlich so gut war. Sie wollte ihn in eine Sonderschule schicken! Jetzt weiss ich auch, weshalb ich nochmals ein Jahr als Lehrerin arbeite, obwohl ich schon l\u00e4ngstens pensioniert w\u00e4re.<\/p>\n<p><span><img decoding=\"async\" alt=\"\" data-id=\"6606\" width=\"150\" data-init-width=\"37\" height=\"150\" data-init-height=\"28\" title=\"Testimonial Symbol\" loading=\"lazy\" src=\"https:\/\/gabrielasenn.com\/wp-content\/uploads\/2020\/10\/Testimonial-Symbol-e1604320641139.png\" data-width=\"37\" data-height=\"28\"><\/span><\/p>\n<p>\u00a9 Copyright 2026 | Alle Rechte vorbehalten<\/p>\n<p style=\"text-align: center;\"><a href=\"https:\/\/gabrielasenn.com\/en\/datenschutzerklaerung\/\" style=\"outline: none;\" target=\"_blank\"><\/a><a href=\"https:\/\/gabrielasenn.com\/en\/datenschutzerklaerung\/\" style=\"outline: none;\" target=\"_blank\">Terms of Use and Privacy Policy<\/a>&nbsp;|&nbsp;<a href=\"https:\/\/gabrielasenn.com\/en\/impressum\/\" style=\"outline: none;\" target=\"_blank\">Impressum<\/a><\/p>\n<p style=\"text-align: center;\">\u00a9 Copyright 2026 | Alle Rechte vorbehalten<a href=\"https:\/\/gabrielasenn.com\/en\/datenschutzerklaerung\/\" style=\"outline: none;\" target=\"_blank\">Terms of Use and Privacy Policy<\/a>&nbsp;|&nbsp;<a href=\"https:\/\/gabrielasenn.com\/en\/impressum\/\" style=\"outline: none;\" target=\"_blank\">Impressum<\/a><\/p>\n<span class=\"tve-leads-two-step-trigger tl-2step-trigger-0\"><\/span><span class=\"tve-leads-two-step-trigger tl-2step-trigger-0\"><\/span>","protected":false},"excerpt":{"rendered":"<p>Ausstrahlung, Inspiration, Selbstverantwortung L\u00f6s deineBlockaden! Das Mindflow-System ist \u00e4usserst effizient und effektiv darin, Stress, Schmerzen und Blockaden auf physischer, mentaler und emotionaler Ebene in k\u00fcrzester Zeit aufzul\u00f6sen. Du lernst, Angriffe aller Art und auf jeglichen Ebenen zu neutralisieren und die Energie dahinter f\u00fcr dich zu nutzen. Gerade in der heutigen Zeit ist dies \u00e4usserst n\u00fctzlich [&hellip;]<\/p>","protected":false},"author":15,"featured_media":0,"parent":0,"menu_order":0,"comment_status":"closed","ping_status":"closed","template":"","meta":{"_exactmetrics_skip_tracking":false,"_exactmetrics_sitenote_active":false,"_exactmetrics_sitenote_note":"","_exactmetrics_sitenote_category":0,"footnotes":""},"class_list":["post-6781","page","type-page","status-publish","hentry"],"_links":{"self":[{"href":"https:\/\/gabrielasenn.com\/en\/wp-json\/wp\/v2\/pages\/6781","targetHints":{"allow":["GET"]}}],"collection":[{"href":"https:\/\/gabrielasenn.com\/en\/wp-json\/wp\/v2\/pages"}],"about":[{"href":"https:\/\/gabrielasenn.com\/en\/wp-json\/wp\/v2\/types\/page"}],"author":[{"embeddable":true,"href":"https:\/\/gabrielasenn.com\/en\/wp-json\/wp\/v2\/users\/15"}],"replies":[{"embeddable":true,"href":"https:\/\/gabrielasenn.com\/en\/wp-json\/wp\/v2\/comments?post=6781"}],"version-history":[{"count":197,"href":"https:\/\/gabrielasenn.com\/en\/wp-json\/wp\/v2\/pages\/6781\/revisions"}],"predecessor-version":[{"id":8084,"href":"https:\/\/gabrielasenn.com\/en\/wp-json\/wp\/v2\/pages\/6781\/revisions\/8084"}],"wp:attachment":[{"href":"https:\/\/gabrielasenn.com\/en\/wp-json\/wp\/v2\/media?parent=6781"}],"curies":[{"name":"wp","href":"https:\/\/api.w.org\/{rel}","templated":true}]}}