{"id":6556,"date":"2020-10-22T19:27:05","date_gmt":"2020-10-22T17:27:05","guid":{"rendered":"https:\/\/gabrielasenn.com\/?page_id=6556"},"modified":"2026-01-30T00:57:43","modified_gmt":"2026-01-29T23:57:43","slug":"home","status":"publish","type":"page","link":"https:\/\/gabrielasenn.com\/en\/home\/","title":{"rendered":"Home"},"content":{"rendered":"<p><span><a href=\"https:\/\/gabrielasenn.com\/en\/\" target=\"_blank\"><img loading=\"lazy\" decoding=\"async\" alt=\"\" data-id=\"7130\" width=\"128\" height=\"128\" title=\"vereinigte-staaten\" src=\"https:\/\/gabrielasenn.com\/wp-content\/uploads\/2020\/11\/vereinigte-staaten.png\" style=\"\" data-link-wrap=\"true\" ml-m=\"0\"><\/a><\/span><span style=\"\"><img loading=\"lazy\" decoding=\"async\" alt=\"\" data-id=\"2374\" width=\"2782\" height=\"1437\" title=\"Gabriela_Haare_fliegend_warm_2-removebg-preview\" src=\"https:\/\/gabrielasenn.com\/wp-content\/uploads\/2020\/09\/Gabriela_Haare_fliegend_warm_2-removebg-preview-1.png\" style=\"\" ml-m=\"-2\" mt-m=\"0\"><\/span><\/p>\n<h4 style=\"font-size: 13px !important;\"><strong><span>GABRIELA SENN<\/span><\/strong><\/h4>\n<h1 style=\"letter-spacing: 0px;\"><span><span><span><span>Freiheit,<\/span>&nbsp;<\/span><\/span><\/span><span><span><span><span>Energy,<\/span><\/span><\/span><\/span><\/h1>\n<h1 style=\"letter-spacing: 0px;\"><span><span><span><span>\u200b<\/span><\/span><\/span><\/span><span><span>Leichtigkeit<\/span><\/span><\/h1>\n<h1><span><span><span><span>Awaken the strongest<\/span><span>&nbsp;<\/span><\/span><\/span><\/span><span><span><span><span><strong><span style=\"color: var(--tcb-color-1);\">Self<\/span><\/strong><\/span><\/span><span><span><strong><span style=\"color: var(--tcb-color-1);\">&nbsp;<\/span> &nbsp;<span>&nbsp;<\/span><\/strong><span>in y<span>ou<\/span>!<\/span><\/span><\/span><\/span><\/span><\/h1>\n<p><span><img loading=\"lazy\" decoding=\"async\" alt=\"\" data-id=\"2104\" width=\"1798\" height=\"654\" title=\"gabriela-new-version-transparent-1\" src=\"https:\/\/gabrielasenn.com\/wp-content\/uploads\/2020\/09\/gabriela-new-version-transparent-1.png\" style=\"\" ml-m=\"-99\" center-h-m=\"false\" ml-t=\"-100\"><\/span><\/p>\n<p><strong><span>Du kannst es nicht mehr ignorieren.<\/span><\/strong><\/p>\n<p><strong><span>\u200b<\/span><\/strong><\/p>\n<p><strong><span>\u200b<\/span><\/strong><span><span><span><span style=\"font-family: &quot;Nexa Light&quot;;\">Diese innere Ruhelosigkeit. Dieses nagende Gef\u00fchl.<\/span><\/span><\/span><\/span><\/p>\n<p><span style=\"font-family: &quot;Nexa Light&quot;;\">Du weisst, dass du etwas ver\u00e4ndern musst.<\/span><\/p>\n<p><span>\u200b<\/span><\/p>\n<p><span>Denn Tatsache ist, dass deine jetzige Arbeit dich aussaugt, dich verr\u00fcckt macht und dich total stresst.<\/span><\/p>\n<p><span>\u200b<\/span><\/p>\n<p><span>Du m\u00f6chtest aus dem Hamsterrad aussteigen, dich aus \u00fcberholten Strukturen befreien und endlich das tun, wof\u00fcr du hier bist. Auch wenn dir noch gar nicht klar ist, was das sein k\u00f6nnte.<\/span><\/p>\n<p><span>\u200b<\/span><\/p>\n<p><span>Fass dir ein Herz und sprich mit mir!&nbsp;<\/span><\/p>\n<p><span>Gib mir eine halbe Stunde &#8211; es kostet dich nichts ausser etwas Zeit, die du in dich selbst investierst.<\/span><\/p>\n<h3><\/h3>\n<p style=\"\"><span style=\"font-family: &quot;Nexa Light&quot;; font-size: 22px;\">Ich bin Gabriela Senn.&nbsp;<\/span><\/p>\n<p style=\"\"><span style=\"font-family: &quot;Nexa Light&quot;; font-size: 22px;\">\u200b<\/span><span style=\"font-size: 22px;\"><span style=\"font-family: 'Nexa Light';\"><span>Seit Jahren&nbsp;<\/span><\/span><\/span><span><span style=\"font-family: &quot;Nexa Light&quot;; font-size: 22px;\">unterst\u00fctze ich Berufst\u00e4tige wie dich,<\/span>&nbsp;<\/span><\/p>\n<p style=\"\">\n<p style=\"\"><span>\u200b<\/span><span><span style=\"font-size: 22px;\">ihr inneres Feuer zum Gl\u00fchen zu bringen, sich zu befreien von dem, was sie zur\u00fcckh\u00e4lt, das Leben voll auszukosten und dabei einen Beitrag f\u00fcr die Welt zu leisten, auf den sie stolz sein k\u00f6nnen. <\/span><\/span><\/p>\n<h3><span>\u200b<\/span><\/h3>\n<h3><span>What if:<\/span><\/h3>\n<ul>\n<li><span><span><span><span><a href=\"#\" style=\"outline: none;\">deine Tage mit Sinnhaftigkeit, Leidenschaft und Begeisterung erf\u00fcllt w\u00e4ren?<\/a><\/span><\/span><\/span><\/span><\/li>\n<li><span><span><span><span><span><a href=\"https:\/\/gabrielasenn.com\/en\/home\/?tve=true&amp;tcbf=dd4c411473\" style=\"outline: none;\"><span>you could convert your stress into energy?<\/span><\/a><\/span><\/span><\/span><\/span><\/span><\/li>\n<li><span><span><span><span><span>your challenges become a game that's fun and the rules of which you determine yourself?<\/span><\/span><\/span><\/span><\/span><\/li>\n<li><span><span><span><span><span>du deinen Zielen nicht mehr hinterherrennen musst, sondern alles m\u00fchelos erreichst, was du dir w\u00fcnscht? Und dabei dir selber treu bleibst?<\/span><\/span><\/span><\/span><\/span><a href=\"#\" style=\"outline: none;\"><span> <\/span><\/a><\/li>\n<\/ul>\n<p style=\"text-align: center;\">Sounds too good to be true?<\/p>\n<p style=\"text-align: center;\">No, this IS possible!<\/p>\n<p style=\"text-align: center;\">Wenn wir zusammen arbeiten, wirst du<\/p>\n<ul>\n<li><span><span>Klarheit bekommen \u00fcber<\/span> <span>die Arbeit, die den Schl\u00fcssel<\/span> <span>beinhaltet zu deinem Gl\u00fcck, deiner Erf\u00fcllung<\/span><span> und deiner F\u00e4higkeit, einen Unterschied zu machen.<\/span><\/span><\/li>\n<li><span><span><span>die \u00c4ngste, Zweifel und<\/span><span> alten Glaubenss\u00e4tze aufl\u00f6sen,<\/span><span> die dich festhalten und in \u00fcberholten Strukturen<\/span><span> gefangen halten.<\/span><\/span><\/span><\/li>\n<li><span><span><span>innere Sicherheit<\/span><span> bekommen und deinen Entscheidungen und<\/span><span> deiner neuen Richtung vollkommen vertrauen.<\/span><\/span><\/span><\/li>\n<li><span><span><span>den besten Weg<\/span><span> kennen, um mit Bestimmtheit, Klarheit und Leichtigkeit<\/span><span> den \u00dcbergang vom Alten ins Neue zu bewerkstelligen.<\/span><\/span><\/span><\/li>\n<li><span><span>dich wieder v\u00f6llig<\/span><span> lebendig f\u00fchlen und neuen Schwung haben.<\/span><\/span><\/li>\n<\/ul>\n<p style=\"text-align: center;\"><span>Sign up now for a free 30-minute consultation. <\/span><\/p>\n<p style=\"text-align: center;\"><span>Together we will take a close look a your current situation and determine <\/span><\/p>\n<p style=\"text-align: center;\"><span>if and how I can support you.<\/span><\/p>\n<p style=\"text-align: center;\">I look forward to <strong><span style=\"color: var(--tcb-color-1);\">talking<\/span><span><span>&nbsp;<\/span> &nbsp;<\/span><\/strong>with you!<\/p>\n<h3>Testimonials<\/h3>\n<p><span><img decoding=\"async\" alt=\"\" data-id=\"6771\" width=\"150\" data-init-width=\"37\" height=\"150\" data-init-height=\"28\" title=\"Testimonial Symbol oben\" loading=\"lazy\" src=\"https:\/\/gabrielasenn.com\/wp-content\/uploads\/2020\/11\/Testimonial-Symbol-oben-1.png\" data-width=\"37\" data-height=\"28\" style=\"\"><\/span><\/p>\n<h4 style=\"letter-spacing: 0px;\">The coaching with Gabriela is extremely valuable to me!<\/h4>\n<h4>DR. STEFAN HILDBRAND<\/h4>\n<h4>Head of Process Chemistry &amp; Catalysis,F. Hoffmann-LaRoche AG, Basel<\/h4>\n<p>I value her as a competent sparring partner who is empathetic, quickly grasps the essentials and gives solution-oriented inputs. As a result of the coaching I am much calmer and more serene and able to deal with challenges in a more sovereign way. I feel more grounded and happier and the sometimes conflicting aspects of my personality got harmonized.<\/p>\n<p>Gabriela is an exceptional coach and an inspiring personality and works with creative and state-of-the-art methods that are optimally adapted to the needs of the coachee. I can recommend her whole-heartedly.<\/p>\n<p><span><img decoding=\"async\" alt=\"\" data-id=\"6606\" width=\"150\" data-init-width=\"37\" height=\"150\" data-init-height=\"28\" title=\"Testimonial Symbol\" loading=\"lazy\" src=\"https:\/\/gabrielasenn.com\/wp-content\/uploads\/2020\/10\/Testimonial-Symbol-e1604320641139.png\" data-width=\"37\" data-height=\"28\"><\/span><span><img decoding=\"async\" alt=\"\" data-id=\"6771\" width=\"150\" data-init-width=\"37\" height=\"150\" data-init-height=\"28\" title=\"Testimonial Symbol oben\" loading=\"lazy\" src=\"https:\/\/gabrielasenn.com\/wp-content\/uploads\/2020\/11\/Testimonial-Symbol-oben-1.png\" data-width=\"37\" data-height=\"28\" style=\"\"><\/span><\/p>\n<h4 style=\"letter-spacing: 0px; text-align: left;\">Gabriela is really great!!<\/h4>\n<h4 style=\"text-align: left;\">ALA TOCARCIUC<\/h4>\n<h4 style=\"text-align: left;\">Regional Head Russia and Western CIS at PTC Therapeutics Inc., Moldawien<\/h4>\n<p style=\"\">Es gibt keine Worte in dieser grossen Welt, um Gabriela f\u00fcr diese zwei Karriere-Coaching-Tage zu danken. Gabriela ist grossartig!! Sie ist ein exzellenter Coach mit einem sehr tiefen Wissen und Verst\u00e4ndnis von Menschen und mit kraftvollen F\u00e4higkeiten f\u00fcr deren Transformation.<\/p>\n<p><span><img decoding=\"async\" alt=\"\" data-id=\"6606\" width=\"150\" data-init-width=\"37\" height=\"150\" data-init-height=\"28\" title=\"Testimonial Symbol\" loading=\"lazy\" src=\"https:\/\/gabrielasenn.com\/wp-content\/uploads\/2020\/10\/Testimonial-Symbol-e1604320641139.png\" data-width=\"37\" data-height=\"28\"><\/span><span><img decoding=\"async\" alt=\"\" data-id=\"6771\" width=\"150\" data-init-width=\"37\" height=\"150\" data-init-height=\"28\" title=\"Testimonial Symbol oben\" loading=\"lazy\" src=\"https:\/\/gabrielasenn.com\/wp-content\/uploads\/2020\/11\/Testimonial-Symbol-oben-1.png\" data-width=\"37\" data-height=\"28\" style=\"\"><\/span><\/p>\n<h4 style=\"letter-spacing: 0px;\">Das Coaching mit Gabriela bietet echten Mehrwert.<\/h4>\n<h4>Giovanni porcelli<\/h4>\n<h4>Digital and Social Media Manager Volvo Car Switzerland, Z\u00fcrich<\/h4>\n<p>Das Coaching mit Gabriela bietet echten Mehrwert. Es dient nicht nur der Selbstreflexion, sondern hilft auch dabei, entscheidende Schritte in die Praxis umzusetzen.<\/p>\n<\/p>\n<p>Selbstbewusstsein und Selbstwahrnehmung werden mit den unterschiedlichsten Tools gest\u00e4rkt bzw. gesch\u00e4rft. Ich kann das Coaching allen, die weiterkommen m\u00f6chten, absolut empfehlen.<\/p>\n<p><span><img decoding=\"async\" alt=\"\" data-id=\"6606\" width=\"150\" data-init-width=\"37\" height=\"150\" data-init-height=\"28\" title=\"Testimonial Symbol\" loading=\"lazy\" src=\"https:\/\/gabrielasenn.com\/wp-content\/uploads\/2020\/10\/Testimonial-Symbol-e1604320641139.png\" data-width=\"37\" data-height=\"28\" style=\"\"><\/span><span><img decoding=\"async\" alt=\"\" data-id=\"6771\" width=\"150\" data-init-width=\"37\" height=\"150\" data-init-height=\"28\" title=\"Testimonial Symbol oben\" loading=\"lazy\" src=\"https:\/\/gabrielasenn.com\/wp-content\/uploads\/2020\/11\/Testimonial-Symbol-oben-1.png\" data-width=\"37\" data-height=\"28\" style=\"\"><\/span><\/p>\n<h4 style=\"letter-spacing: 0px;\">Personal growth and positive changes are guaranteed!<\/h4>\n<h4>RENATO MARNI<\/h4>\n<h4>16-fold Taekwondo world champion 2004-2019, national trainer and coach, Davos, Switzerland<\/h4>\n<p style=\"\">Gabriela is an awesome woman who lives her calling and is extremely good in her role as a coach. She is very solution-oriented and quickly identifies the root cause of a problem. She helps the client get a deeper understanding of the situation, put together the missing puzzle pieces while accompanying you step by step to put the findings into practice. Personal growth and positive changes are guaranteed!<\/p>\n<p><span><img decoding=\"async\" alt=\"\" data-id=\"6606\" width=\"150\" data-init-width=\"37\" height=\"150\" data-init-height=\"28\" title=\"Testimonial Symbol\" loading=\"lazy\" src=\"https:\/\/gabrielasenn.com\/wp-content\/uploads\/2020\/10\/Testimonial-Symbol-e1604320641139.png\" data-width=\"37\" data-height=\"28\" style=\"\"><\/span><a href=\"https:\/\/www.facebook.com\/gabriela.senn.710\" target=\"_blank\" data-shortcode-id=\"fb\" data-dynamic-link=\"thrive_global_fields_url\">                    <\/a><a href=\"https:\/\/www.linkedin.com\/in\/gabriela-senn\/\" target=\"_blank\" data-shortcode-id=\"in\" data-dynamic-link=\"thrive_global_fields_url\">                    <\/a><\/p>\n<h2 data-quickaccess-id=\"header\" data-shortcode-id=\"9.0.0.0.0-1603138691192\" style=\"text-align: center;\">You don't have to be great,<\/h2>\n<h2 data-quickaccess-id=\"header\" data-shortcode-id=\"9.0.0.0.0-1603138691192\" style=\"text-align: center;\">um anzufangen. Aber du musst anfangen, um grossartig zu werden.<\/h2>\n<p data-quickaccess-id=\"header\" data-shortcode-id=\"9.0.0.0.0-1603138691192\" style=\"text-align: center;\">Zig Ziglar<\/p>\n<h2 data-quickaccess-id=\"header\" data-shortcode-id=\"9.0.0.0.0-1603138691192\" style=\"text-align: center;\">You don\u2019t have to be great to start, but you have to start to be great.<\/h2>\n<p data-quickaccess-id=\"header\" data-shortcode-id=\"9.0.0.0.0-1603138691192\" style=\"text-align: center;\">Zig Ziglar<\/p>\n<p>\u00a9 Copyright 2026 | Alle Rechte vorbehalten<\/p>\n<p style=\"text-align: right;\"><a href=\"https:\/\/gabrielasenn.com\/en\/datenschutzerklaerung\/\" target=\"_blank\"><\/a><a href=\"https:\/\/gabrielasenn.com\/en\/datenschutzerklaerung\/\" style=\"outline: none;\" target=\"_blank\">Terms of Use and Privacy Policy<\/a>&nbsp;|&nbsp;<a href=\"https:\/\/gabrielasenn.com\/en\/impressum\/\" style=\"outline: none;\" target=\"_blank\">Impressum<\/a><\/p>\n<p style=\"text-align: center;\">\u00a9 Copyright 2026 | Alle Rechte vorbehalten<a href=\"https:\/\/gabrielasenn.com\/en\/datenschutzerklaerung\/\" style=\"outline: none;\" target=\"_blank\">Terms of Use and Privacy Policy<\/a>&nbsp;|&nbsp;<a href=\"https:\/\/gabrielasenn.com\/en\/impressum\/\" style=\"outline: none;\" target=\"_blank\">Impressum<\/a><\/p>\n<span class=\"tve-leads-two-step-trigger tl-2step-trigger-0\"><\/span><span class=\"tve-leads-two-step-trigger tl-2step-trigger-0\"><\/span>","protected":false},"excerpt":{"rendered":"<p>GABRIELA SENN Freiheit,&nbsp;Energie, \u200bLeichtigkeit Wecke das st\u00e4rkste&nbsp;Ich&nbsp; &nbsp;&nbsp;in dir! Du kannst es nicht mehr ignorieren. \u200b \u200bDiese innere Ruhelosigkeit. Dieses nagende Gef\u00fchl. Du weisst, dass du etwas ver\u00e4ndern musst. \u200b Denn Tatsache ist, dass deine jetzige Arbeit dich aussaugt, dich verr\u00fcckt macht und dich total stresst. \u200b Du m\u00f6chtest aus dem Hamsterrad aussteigen, dich aus [&hellip;]<\/p>","protected":false},"author":15,"featured_media":0,"parent":0,"menu_order":0,"comment_status":"closed","ping_status":"closed","template":"","meta":{"_exactmetrics_skip_tracking":false,"_exactmetrics_sitenote_active":false,"_exactmetrics_sitenote_note":"","_exactmetrics_sitenote_category":0,"footnotes":""},"class_list":["post-6556","page","type-page","status-publish","hentry"],"_links":{"self":[{"href":"https:\/\/gabrielasenn.com\/en\/wp-json\/wp\/v2\/pages\/6556","targetHints":{"allow":["GET"]}}],"collection":[{"href":"https:\/\/gabrielasenn.com\/en\/wp-json\/wp\/v2\/pages"}],"about":[{"href":"https:\/\/gabrielasenn.com\/en\/wp-json\/wp\/v2\/types\/page"}],"author":[{"embeddable":true,"href":"https:\/\/gabrielasenn.com\/en\/wp-json\/wp\/v2\/users\/15"}],"replies":[{"embeddable":true,"href":"https:\/\/gabrielasenn.com\/en\/wp-json\/wp\/v2\/comments?post=6556"}],"version-history":[{"count":152,"href":"https:\/\/gabrielasenn.com\/en\/wp-json\/wp\/v2\/pages\/6556\/revisions"}],"predecessor-version":[{"id":8080,"href":"https:\/\/gabrielasenn.com\/en\/wp-json\/wp\/v2\/pages\/6556\/revisions\/8080"}],"wp:attachment":[{"href":"https:\/\/gabrielasenn.com\/en\/wp-json\/wp\/v2\/media?parent=6556"}],"curies":[{"name":"wp","href":"https:\/\/api.w.org\/{rel}","templated":true}]}}