{"id":1919,"date":"2020-06-09T14:16:50","date_gmt":"2020-06-09T13:16:50","guid":{"rendered":"https:\/\/gabrielasenn.com\/?page_id=1919"},"modified":"2025-02-09T02:49:48","modified_gmt":"2025-02-09T01:49:48","slug":"5-powertools","status":"publish","type":"page","link":"https:\/\/gabrielasenn.com\/en\/5-powertools\/","title":{"rendered":"5 Powertools"},"content":{"rendered":"<h1 style=\"text-align: center;\">for free<\/h1>\n<p style=\"text-align: center;\"><span>um sch\u00e4dlichen Stress im Alltag<\/span><\/p>\n<p style=\"text-align: center;\"><span>sofort abzubauen.<\/span><\/p>\n<p style=\"text-align: center;\">Hol dir die 5 Power-Tool Videos und befreie dich<\/p>\n<p style=\"text-align: center;\"><span>schnell und m\u00fchelos von deinem Stress.<\/span><\/p>\n<p style=\"text-align: center;\"><span><\/span><\/p>\n<p style=\"text-align: center;\"><span>&#8230;#1 und #5 habe mein Leben so ziemlich ver\u00e4ndert&#8230;<\/span><\/p>\n<p><span><img loading=\"lazy\" decoding=\"async\" alt=\"\" data-id=\"2021\" width=\"300\" height=\"200\" title=\"stressfree\" src=\"https:\/\/gabrielasenn.com\/wp-content\/uploads\/2020\/06\/stressfree-resized.jpg\" style=\"\"><\/span><\/p>\n<p>Copyright ShineBright LTD<\/p>\n<p><span data-attr-id=\"6\" data-extra_key=\"2\" data-shortcode=\"thrive_global_fields\" data-shortcode-name=\"[Legal] Privacy policy\"><a  href=\"https:\/\/gabrielasenn.com\/en\/terms-of-use-and-privacy-policy\/?lang=de\" target=\"_blank\">Terms of Use and Privacy Policy<\/a><\/span>&nbsp;<\/p>\n<span class=\"tve-leads-two-step-trigger tl-2step-trigger-0\"><\/span><span class=\"tve-leads-two-step-trigger tl-2step-trigger-0\"><\/span>","protected":false},"excerpt":{"rendered":"<p>5 Power-Tools um sch\u00e4dlichen Stress im Alltag sofort abzubauen. Hol dir die 5 Power-Tool Videos und befreie dich schnell und m\u00fchelos von deinem Stress. &#8230;#1 und #5 habe mein Leben so ziemlich ver\u00e4ndert&#8230; Copyright ShineBright LTD &nbsp;<\/p>","protected":false},"author":1,"featured_media":0,"parent":0,"menu_order":0,"comment_status":"closed","ping_status":"closed","template":"","meta":{"_exactmetrics_skip_tracking":false,"_exactmetrics_sitenote_active":false,"_exactmetrics_sitenote_note":"","_exactmetrics_sitenote_category":0,"footnotes":""},"class_list":["post-1919","page","type-page","status-publish","hentry"],"_links":{"self":[{"href":"https:\/\/gabrielasenn.com\/en\/wp-json\/wp\/v2\/pages\/1919","targetHints":{"allow":["GET"]}}],"collection":[{"href":"https:\/\/gabrielasenn.com\/en\/wp-json\/wp\/v2\/pages"}],"about":[{"href":"https:\/\/gabrielasenn.com\/en\/wp-json\/wp\/v2\/types\/page"}],"author":[{"embeddable":true,"href":"https:\/\/gabrielasenn.com\/en\/wp-json\/wp\/v2\/users\/1"}],"replies":[{"embeddable":true,"href":"https:\/\/gabrielasenn.com\/en\/wp-json\/wp\/v2\/comments?post=1919"}],"version-history":[{"count":29,"href":"https:\/\/gabrielasenn.com\/en\/wp-json\/wp\/v2\/pages\/1919\/revisions"}],"predecessor-version":[{"id":7972,"href":"https:\/\/gabrielasenn.com\/en\/wp-json\/wp\/v2\/pages\/1919\/revisions\/7972"}],"wp:attachment":[{"href":"https:\/\/gabrielasenn.com\/en\/wp-json\/wp\/v2\/media?parent=1919"}],"curies":[{"name":"wp","href":"https:\/\/api.w.org\/{rel}","templated":true}]}}