{"id":1859,"date":"2020-06-03T19:59:18","date_gmt":"2020-06-03T17:59:18","guid":{"rendered":"https:\/\/gabrielasenn.com\/?page_id=1859"},"modified":"2025-02-09T03:18:08","modified_gmt":"2025-02-09T02:18:08","slug":"mindflow-seminar","status":"publish","type":"page","link":"https:\/\/gabrielasenn.com\/en\/mindflow-seminar\/","title":{"rendered":"Mindflow Basis-Seminar"},"content":{"rendered":"<p><span><img loading=\"lazy\" decoding=\"async\" alt=\"\" data-id=\"1127\" width=\"1350\" height=\"650\" title=\"Mindflow\" src=\"https:\/\/gabrielasenn.com\/wp-content\/uploads\/2020\/02\/wayfinder-promotion-bild.png\" style=\"\"><\/span><\/p>\n<h2 style=\"text-align: center;\"><strong>Mindflow Basis-Seminar&nbsp;<\/strong><\/h2>\n<h2 style=\"text-align: center;\"><strong><span>\u200b<\/span><\/strong><\/h2>\n<p style=\"text-align: center;\"><span><\/span><\/p>\n<p style=\"text-align: center;\"><span><strong><span><strong>Durch Nicht-Wollen und Nicht-Tun&nbsp;<\/strong><\/span><\/strong><strong><span><strong>\u200b<\/strong><\/span><\/strong><strong><span><strong>\u200b<\/strong><\/span><\/strong><\/span><strong><span><strong><span>alles Erreichen<\/span><\/strong><\/span><\/strong><\/p>\n<p style=\"text-align: left;\"><span><span><span>In<span>&nbsp;diesem Seminar lernst du<\/span> <\/span><span><span><span>die grundlegenden Tools<\/span> von Mindflow kennen.<\/span><\/span><span> <span>Das Mindflow System ist \u00e4usserst effizient und effektiv darin, Blockaden auf physischer, mentaler und emotionaler Ebene sowie Stress und Schmerzen in k\u00fcrzester Zeit aufzul\u00f6sen.<\/span><\/span><\/span><\/span><\/p>\n<p style=\"text-align: left;\"><span><span><span><span>\u200b<\/span><\/span><\/span><\/span><\/p>\n<p style=\"text-align: left;\"><span><span><span><span><span>Heute&nbsp;<\/span><span><span>wichtiger denn je, lernst du auch, wie du Angriffe jeglicher Art und auf jeglichen Ebenen sozusagen neutralisieren und in Energie f\u00fcr dich umwandeln kannst.<\/span><span>&nbsp;In praktischen \u00dcbungen kannst du die Wirkung der Tools direkt erfahren&nbsp;<span>und v<span>erinnerlichen<\/span><\/span><\/span><\/span><span><span>.<\/span><\/span><\/span><\/span><\/span><\/span><\/p>\n<p style=\"text-align: left;\"><span><span><span><span><span><span>\u200b<\/span><\/span><\/span><\/span><\/span><\/span><\/p>\n<p style=\"text-align: left;\"><span><span><span><span><span><span><span><span><span>In unserem Leben&nbsp;<\/span><\/span><span>dreht sic<\/span><\/span><span>h&nbsp;<span>alles um Energie. Alles richtet sich nach dem, der die h\u00f6chste Energie hat.&nbsp;<\/span><span>Im G4 hast du immer 100% Energie. Du lernst auch, wie du dich t\u00e4glich mit einfachsten Mitteln mit Energie aufladen kannst.<\/span><\/span><\/span><\/span><\/span><\/span><\/span><\/span><\/p>\n<p style=\"text-align: left;\">\n<p style=\"text-align: left;\"><span><span><span><span><span>Mit&nbsp;<\/span><\/span><\/span><\/span><\/span><span><span><span><span>Mindflow lernst du, Stress<\/span><span> in Energie umzuwandeln, auch mit sehr schwierigen Situationen entspannt umzugehen und in deinen Flow zu kommen, so dass dein Leben leichter, gl\u00fccklicher und erfolgreicher wird.<\/span><\/span><\/span><\/span><\/p>\n<p style=\"text-align: justify;\">\n<p style=\"text-align: center; color: var(--tcb-tpl-color-1)  !important; --tcb-applied-color:var$(--tcb-tpl-color-1)  !important;\">Be prepared for a life-changing experience!<\/p>\n<p style=\"text-align: justify;\">\n<p style=\"text-align: left;\"><span><span><span><span>Du lernst zudem, wie du schnell in einen<\/span> <span>h\u00f6heren&nbsp;<\/span><\/span><span><span><span>Bewusstseinszustand<\/span> <\/span><span><span>kommst,<\/span> <span>wie du die Tools im t\u00e4glichen Leben anwendest, mit deiner eigenen Energie umgehen und deine Sinne sch<\/span><\/span><span>\u00e4rfen kannst. Du wirst \u00fcber die Auswirkungen in deinem Leben staunen.<\/span><\/span><\/span><\/span><\/p>\n<p style=\"text-align: left;\"><span><span><span><span>\u200b<\/span><\/span><\/span><\/span><\/p>\n<p style=\"text-align: left;\"><span><span><span><span>Du musst nicht l\u00e4nger irgendetwas nachrennen. Dinge, Menschen und Situationen kommen auf dich zu, leicht und m\u00fchelos. Anstatt zu fragen &#8222;Was sind deine Ziele?&#8220; fragen wir:<\/span><\/span><\/span><\/span><\/p>\n<p style=\"text-align: left;\"><span><span><span><span>\u200b<\/span><\/span><\/span><\/span><span><\/span><\/p>\n<p style=\"text-align: center;\"><span>Wie viel bist du bereit f\u00fcr dein Leben anzunehmen?<\/span><\/p>\n<p style=\"text-align: center;\"><span><strong>Location<\/strong><\/span><\/p>\n<p style=\"text-align: center;\"><span><span>\u200b<\/span><\/span><span><span>Der genaue Ort wird nach der Anmeldung mitgeteilt.<\/span><\/span><\/p>\n<p style=\"text-align: center;\"><span><span>\u200b<\/span><\/span><\/p>\n<p style=\"text-align: center;\"><span><span>\u200b<\/span><\/span><span><span><strong><span>Zeiten<\/span><\/strong><\/span><\/span><\/p>\n<p style=\"text-align: center;\"><span><span>Sa 17.09. 10:00 &#8211; 16:30 Uhr<\/span><\/span><\/p>\n<p style=\"text-align: center;\"><span><span>So 18.09. 10:00 &#8211; 16:00 Uhr<\/span><\/span><span><span>\u200b<\/span><\/span><\/p>\n<p style=\"text-align: center;\"><span><span>\u200b<\/span><\/span><span><span>\u200b<\/span><\/span><span><\/span><span>Kosten<\/span><\/p>\n<p style=\"text-align: center;\"><span>CHF 380&nbsp;<\/span><\/p>\n<p style=\"text-align: center;\"><span>inkl. 20 CHF f\u00fcr Pausensnac<\/span><span>ks<\/span><\/p>\n<p style=\"text-align: center;\"><span>Kinder <\/span><\/p>\n<p style=\"text-align: center;\"><span>von 7-12: 120 CHFvon 13-18: 180 CHF<\/span><\/p>\n<p style=\"text-align: center;\"><strong><span><span>Se<\/span><span>minarleitung<\/span><\/span><\/strong><strong><span><span>\u200b<\/span><\/span><\/strong><\/p>\n<p style=\"text-align: center;\"><span><span>Gabriela Senn<\/span><\/span><\/p>\n<p style=\"text-align: center;\"><span><span><span><span>Mindflow<\/span> <span>Expert <\/span><span>&amp; Trainer<\/span><\/span><\/span><\/span><\/p>\n<p style=\"text-align: center;\"><span>Zertif. MBI Master Life &amp; Business Coach<\/span><\/p>\n<p style=\"text-align: center;\">\n<p style=\"text-align: center;\">\n<p><span style=\"\"><img loading=\"lazy\" decoding=\"async\" alt=\"\" data-id=\"1877\" width=\"699\" height=\"1048\" title=\"Gabriela Senn\" src=\"https:\/\/gabrielasenn.com\/wp-content\/uploads\/2020\/06\/lfo5864.jpg\" style=\"\" mt-d=\"0\" ml-d=\"-1\"><\/span><\/p>\n<h4 style=\"text-align: center;\"><strong>Testimonials<\/strong><\/h4>\n<p><em>&#8222;Das Seminar bei Gabriela war genial. Die Mindflow Techniken sind auch f\u00fcr Kinder einfach zu lernen. Das Ergebnis war f\u00fcr mich sofort sp\u00fcrbar. Es ist das beste Seminar ever, das ich gemacht habe. Ideal f\u00fcr diese herausfordernde Zeit, um alle m\u00f6glichen Blockaden zu l\u00f6sen, gelassen zu bleiben und mehr Energie und Lebensfreude zu gewinnen. Was will man mehr! \ud83d\ude4f<\/em><\/p>\n<p><em>Lebensfreude und auch Frieden beginnen dort, wo Lebenskraft frei fliessen kann.Die Ver\u00e4nderung beginnt bei uns allen selbst.&#8220;<\/em><\/p>\n<h6>Petra Filliger, Ennetmoos<\/h6>\n<p><em>&#8222;Es war cool, sogar sehr. Ich nehme mit, dass ich wie innere Magie kennen gelernt habe, dass wir coole \u00dcbungen machten. G4 ist unendliche Energie.&#8220;<\/em><\/p>\n<h6>Marco Burch, 10-j\u00e4hrig, Sachseln<\/h6>\n<p><em>&#8222;Ich habe am Kurs Mindflow bei Gabriela teilgenommen. Ich bin \u00fcberw\u00e4ltigt wie das funktioniert und welchen Nutzen diese Technik bringt. Liebe Gabriela man sp\u00fcrt deine Leidenschaft f\u00fcr das Thema und dein Wissen ist beeindruckend. Sehr gerne empfehle ich dich und deine Kurse weiter. Vielen Dank, du bist ein wunderbarer Mensch und ich bin dankbar, dass ich dich kennen gelernt habe.&#8220;<\/em><\/p>\n<h6>Esti Schnyder, N\u00fcrensdorf<\/h6>\n<p><em>&#8222;Gabrielas begeisternde Art, uns ins Mindflow einzuf\u00fchren, ist einfach ansteckend. Es hat mich verbl\u00fcfft, mitzuerleben, wie einfach es ist, Mindflow anzuwenden.&#8220;<\/em><\/p>\n<h6>Anita Smith, Grosswangen<\/h6>\n<p><em><em>&#8222;Gabriela ist eine tolle Frau, die ihre Aufgabe als Mensch und Coach ausserordentlich gut f\u00fchlt, wahrnimmt und ausf\u00fchrt. Sie ist l\u00f6sungsorientiert und erkennt innert K\u00fcrze, wo die tieferen Ursachen liegen und hilft dem Klienten, die fehlenden Puzzleteile zusammenzuf\u00fcgen, ein tieferes Verst\u00e4ndnis der Situation zu erlangen und begleitet Schritt f\u00fcr Schritt dabei, die Erkenntnisse umzusetzen. Pers\u00f6nliches Wachstum und positive Ver\u00e4nderungen sind garantiert!&#8220;<\/em><\/em><\/p>\n<p>Renato Marni, 16-facher Taekwondo Weltmeister 2004-2019, Nationaltrainer und Coach, Davos<\/p>\n<p><em>&#8222;Ich litt an Panikattacken, die pl\u00f6tzlich durch ganz spezifische Situationen ausgel\u00f6st wurden. W\u00e4hrend dieser Attacken bekam ich jeweils kaum mehr Luft, ich hatte Schweissausbr\u00fcche, mein Herz raste, oder meine ganze Energie war pl\u00f6tzlich weg. Wenn es ganz schlimm wurde, f\u00fchrte meine Attacke bis hin zur Todesangst. Gabriela\u2019s Mindflow-Behandlung dauerte vielleicht 5 Minuten. Es sind Wochen seither vergangen und die Panikattacken sind nie mehr aufgetreten, obwohl es einige Situationen gab, die fr\u00fcher mit Gewissheit eine ausgel\u00f6st h\u00e4tten. F\u00fcr mich grenzt es an ein Wunder und ist fast unglaublich, dass ich so schnell von etwas Gravierendem befreit werden konnte.&#8220;<\/em><\/p>\n<h6>Nina Zyla-Auteried, Salzburg, \u00d6sterreich<\/h6>\n<\/p>\n<p><span>Copyright 2025 &#8211; Shine Bright LTD<\/span><\/p>\n<p><span><\/span><span data-attr-id=\"6\" data-extra_key=\"2\" data-option-inline=\"1\" data-shortcode=\"thrive_global_fields\" data-shortcode-name=\"[Legal] Privacy policy\"><a data-css=\"tve-u-1727b4396ad\" href=\"https:\/\/gabrielasenn.com\/en\/terms-of-use-and-privacy-policy\/?lang=de\" target=\"_blank\">Terms of Use and Privacy Policy<\/a><\/span><\/p>\n<span class=\"tve-leads-two-step-trigger tl-2step-trigger-0\"><\/span><span class=\"tve-leads-two-step-trigger tl-2step-trigger-0\"><\/span>","protected":false},"excerpt":{"rendered":"<p>Mindflow Basis-Seminar&nbsp; \u200b Durch Nicht-Wollen und Nicht-Tun&nbsp;\u200b\u200balles Erreichen In&nbsp;diesem Seminar lernst du die grundlegenden Tools von Mindflow kennen. Das Mindflow System ist \u00e4usserst effizient und effektiv darin, Blockaden auf physischer, mentaler und emotionaler Ebene sowie Stress und Schmerzen in k\u00fcrzester Zeit aufzul\u00f6sen. \u200b Heute&nbsp;wichtiger denn je, lernst du auch, wie du Angriffe jeglicher Art und [&hellip;]<\/p>","protected":false},"author":1,"featured_media":0,"parent":0,"menu_order":0,"comment_status":"closed","ping_status":"closed","template":"","meta":{"_exactmetrics_skip_tracking":false,"_exactmetrics_sitenote_active":false,"_exactmetrics_sitenote_note":"","_exactmetrics_sitenote_category":0,"footnotes":""},"class_list":["post-1859","page","type-page","status-publish","hentry"],"_links":{"self":[{"href":"https:\/\/gabrielasenn.com\/en\/wp-json\/wp\/v2\/pages\/1859","targetHints":{"allow":["GET"]}}],"collection":[{"href":"https:\/\/gabrielasenn.com\/en\/wp-json\/wp\/v2\/pages"}],"about":[{"href":"https:\/\/gabrielasenn.com\/en\/wp-json\/wp\/v2\/types\/page"}],"author":[{"embeddable":true,"href":"https:\/\/gabrielasenn.com\/en\/wp-json\/wp\/v2\/users\/1"}],"replies":[{"embeddable":true,"href":"https:\/\/gabrielasenn.com\/en\/wp-json\/wp\/v2\/comments?post=1859"}],"version-history":[{"count":101,"href":"https:\/\/gabrielasenn.com\/en\/wp-json\/wp\/v2\/pages\/1859\/revisions"}],"predecessor-version":[{"id":7985,"href":"https:\/\/gabrielasenn.com\/en\/wp-json\/wp\/v2\/pages\/1859\/revisions\/7985"}],"wp:attachment":[{"href":"https:\/\/gabrielasenn.com\/en\/wp-json\/wp\/v2\/media?parent=1859"}],"curies":[{"name":"wp","href":"https:\/\/api.w.org\/{rel}","templated":true}]}}